{"id":69,"date":"2016-12-19T21:06:55","date_gmt":"2016-12-20T03:06:55","guid":{"rendered":"http:\/\/m2d-studio.com\/www\/ctq2017\/?page_id=69"},"modified":"2025-09-22T14:55:29","modified_gmt":"2025-09-22T19:55:29","slug":"valores-trac-worldwide","status":"publish","type":"page","link":"https:\/\/www.tracww.com\/es\/valores-trac-worldwide\/","title":{"rendered":"TRAC"},"content":{"rendered":"\n[et_pb_section fb_built=\u00bb1&#8243; _builder_version=\u00bb4.9.4&#8243; _module_preset=\u00bbdefault\u00bb custom_padding=\u00bb0px||35px|||\u00bb][et_pb_row _builder_version=\u00bb4.9.4&#8243; _module_preset=\u00bbdefault\u00bb background_enable_color=\u00bboff\u00bb width=\u00bb100%\u00bb max_width=\u00bb2560px\u00bb custom_padding=\u00bb3px||70px|||\u00bb][et_pb_column type=\u00bb4_4&#8243; _builder_version=\u00bb4.9.4&#8243; _module_preset=\u00bbdefault\u00bb][et_pb_text _builder_version=\u00bb4.9.4&#8243; _module_preset=\u00bbdefault\u00bb width=\u00bb49.8%\u00bb max_width=\u00bb80%\u00bb custom_margin=\u00bb|||373px|false|false\u00bb]<h3 style=\"text-align: left;\"><strong>TRAC<\/strong><\/h3>\n<p>TRAC Worldwide se fund\u00f3 en 2004 como un centro de investigaci\u00f3n y desarrollo para ingenier\u00eda de sistemas de control cr\u00edtico. La inversi\u00f3n en nuestro personal y productos ha permitido aque TRAC proporcione experiencia en desarrollo de software y hardware, gesti\u00f3n de proyectos, ingenier\u00eda, fabricaci\u00f3n, pruebas funcionales y servicios de campo.<\/p>\n<p>Aunado a esto, nuestro enfoque en la confiabilidad, la calidad y la innovaci\u00f3n, podemos ofrecer soluciones y servicios integrados de valor agregado a tiempo y dentro del presupuesto.<\/p>[\/et_pb_text][\/et_pb_column][\/et_pb_row][et_pb_row _builder_version=\u00bb4.9.4&#8243; _module_preset=\u00bbdefault\u00bb background_color=\u00bb#203067&#8243; width=\u00bb100%\u00bb max_width=\u00bb2560px\u00bb custom_padding=\u00bb80px||80px|||\u00bb][et_pb_column type=\u00bb4_4&#8243; _builder_version=\u00bb4.9.4&#8243; _module_preset=\u00bbdefault\u00bb][et_pb_text _builder_version=\u00bb4.9.4&#8243; _module_preset=\u00bbdefault\u00bb width=\u00bb49.8%\u00bb max_width=\u00bb80%\u00bb custom_margin=\u00bb|||373px|false|false\u00bb]<h3 style=\"text-align: left;\"><span style=\"color: #ffffff;\"><strong>VISI\u00d3N<\/strong><\/span><\/h3>\n<p style=\"text-align: left;\"><span style=\"color: #ffffff;\">Ser la empresa preferida como proveedor de Servicios y Soluciones de Ingenier\u00eda con especialidad en la Administraci\u00f3n y Gerencia de Proyectos, Sistemas de Seguridad de Proceso, Control, Instrumentaci\u00f3n y Automatizaci\u00f3n Industrial a trav\u00e9s de negociaciones justas que nos permitan exceder las expectativas de nuestros clientes, producir el rendimiento adecuado a nuestros inversionistas y forjar un excelente ambiente de trabajo que promueva la creatividad, innovaci\u00f3n y desarrollo profesional y personal de nuestros empleados.<\/span><\/p>[\/et_pb_text][\/et_pb_column][\/et_pb_row][et_pb_row _builder_version=\u00bb4.9.4&#8243; _module_preset=\u00bbdefault\u00bb background_enable_color=\u00bboff\u00bb width=\u00bb100%\u00bb max_width=\u00bb2560px\u00bb custom_padding=\u00bb80px||80px|||\u00bb][et_pb_column type=\u00bb4_4&#8243; _builder_version=\u00bb4.9.4&#8243; _module_preset=\u00bbdefault\u00bb][et_pb_text _builder_version=\u00bb4.9.4&#8243; _module_preset=\u00bbdefault\u00bb width=\u00bb49.8%\u00bb max_width=\u00bb80%\u00bb custom_margin=\u00bb|||373px|false|false\u00bb]<h3 style=\"text-align: left;\"><strong>VALORES<\/strong><\/h3>\n<ul>\n<li style=\"text-align: left;\"><strong>Pasi\u00f3n por el Servicio:\u00a0<\/strong>Es identificar y satisfacer las necesidades de nuestros clientes y consumidores a trav\u00e9s de una ejecuci\u00f3n impecable con una excelente actitud de servicio.<\/li>\n<li style=\"text-align: left;\"><strong>Agilidad:\u00a0<\/strong>Es tomar conciencia de la sensibilidad estrat\u00e9gica de las necesidades de nuestros clientes, el compromiso de la alta direcci\u00f3n, la movilidad de los recursos y el cumplimiento de nuestros compromisos.<\/li>\n<li style=\"text-align: left;\"><strong>Mejora Continua:\u00a0<\/strong>Optimizar y aumentar la calidad de nuestros servicios y productos de manera constante.<\/li>\n<li style=\"text-align: left;\"><strong>Integridad:\u00a0<\/strong>Es la cualidad de ser honesto contigo mismo y con los dem\u00e1s, adem\u00e1s de vivir una vida que vaya de acuerdo a tus valores personales.<\/li>\n<li style=\"text-align: left;\"><strong>Empat\u00eda:\u00a0<\/strong>Es la capacidad que tiene el ser humano para conectarse a otra persona y responder adecuadamente a las necesidades del otro, a compartir sus sentimientos, prioridades e ideas.<\/li>\n<\/ul>[\/et_pb_text][\/et_pb_column][\/et_pb_row][et_pb_row _builder_version=\u00bb4.9.4&#8243; _module_preset=\u00bbdefault\u00bb background_color=\u00bb#203067&#8243; width=\u00bb100%\u00bb max_width=\u00bb2560px\u00bb custom_padding=\u00bb80px||80px|||\u00bb][et_pb_column type=\u00bb4_4&#8243; _builder_version=\u00bb4.9.4&#8243; _module_preset=\u00bbdefault\u00bb][et_pb_text _builder_version=\u00bb4.9.4&#8243; _module_preset=\u00bbdefault\u00bb width=\u00bb49.8%\u00bb max_width=\u00bb80%\u00bb custom_margin=\u00bb|||373px|false|false\u00bb hover_enabled=\u00bb0&#8243; sticky_enabled=\u00bb0&#8243;]<h3 style=\"text-align: left;\"><span style=\"color: #ffffff;\"><strong>POL\u00cdTICA DE CALIDAD<\/strong><\/span><\/h3>\n<p style=\"text-align: left;\"><span style=\"color: #ffffff;\">En TRAC la calidad es llevada a la pr\u00e1ctica por personal altamente competente, comprometido con la mejora continua a trav\u00e9s de la creatividad e innovaci\u00f3n como reto en los procesos. Trabajando en equipo para hacer eficiente y efectivo el Sistema de Gesti\u00f3n del Negocio, buscando exceder las expectativas de nuestros clientes y el cumplimiento de los requisitos aplicables.<\/span><\/p>[\/et_pb_text][\/et_pb_column][\/et_pb_row][\/et_pb_section]\n","protected":false},"excerpt":{"rendered":"<p>TRAC TRAC Worldwide se fund\u00f3 en 2004 como un centro de investigaci\u00f3n y desarrollo para ingenier\u00eda de sistemas de control cr\u00edtico. La inversi\u00f3n en nuestro personal y productos ha permitido aque TRAC proporcione experiencia en desarrollo de software y hardware, gesti\u00f3n de proyectos, ingenier\u00eda, fabricaci\u00f3n, pruebas funcionales y servicios de campo. Aunado a esto, nuestro [&hellip;]<\/p>\n","protected":false},"author":1,"featured_media":5396,"parent":0,"menu_order":0,"comment_status":"closed","ping_status":"closed","template":"","meta":{"_et_pb_use_builder":"on","_et_pb_old_content":"[vc_row][vc_column][\/vc_column][\/vc_row][vc_row full_width=\"stretch_row\" css=\".vc_custom_1484023688352{background-color: #0055b9 !important;}\"][vc_column][vc_row_inner][vc_column_inner width=\"1\/6\"][\/vc_column_inner][vc_column_inner width=\"4\/6\" css=\".vc_custom_1484697960450{padding-top: 60px !important;padding-bottom: 60px !important;}\"][vc_column_text css=\".vc_custom_1567477883293{padding-top: 30px !important;padding-bottom: 30px !important;}\"]\r\n<div class=\"wpb_text_column wpb_content_element \">\r\n<div class=\"wpb_wrapper\">\r\n<h3><span style=\"color: #ffffff;\">VISI\u00d3N<\/span><\/h3>\r\n<span style=\"color: #ffffff;\">Ser la empresa preferida como proveedor de Servicios y Soluciones de Ingenier\u00eda con especialidad en la Administraci\u00f3n y Gerencia de Proyectos, Sistemas de Seguridad de Proceso, Control, Instrumentaci\u00f3n y Automatizaci\u00f3n Industrial a trav\u00e9s de negociaciones justas que nos permitan exceder las expectativas de nuestros clientes, producir el rendimiento adecuado a nuestros inversionistas y forjar un excelente ambiente de trabajo que promueva la creatividad, innovaci\u00f3n y desarrollo profesional y personal de nuestros empleados.<\/span>\r\n\r\n<\/div>\r\n<\/div>\r\n[\/vc_column_text][\/vc_column_inner][vc_column_inner width=\"1\/6\"][\/vc_column_inner][\/vc_row_inner][\/vc_column][\/vc_row][vc_row full_width=\"stretch_row\" parallax=\"content-moving\" parallax_image=\"1310\"][vc_column][vc_row_inner][vc_column_inner width=\"1\/6\"][\/vc_column_inner][vc_column_inner width=\"4\/6\"][vc_column_text css=\".vc_custom_1592315616601{padding-top: 60px !important;padding-bottom: 60px !important;}\"]\r\n<div class=\"wpb_text_column wpb_content_element \">\r\n<div class=\"wpb_wrapper\">\r\n<div>\r\n<div>\r\n<div class=\"wpb_wrapper\">\r\n<h3>VALORES<\/h3>\r\n<ul>\r\n \t<li><span style=\"color: #000000;\"><strong>Pasi\u00f3n por el Servicio:<\/strong> Es identificar y satisfacer las necesidades de nuestros clientes y consumidores a trav\u00e9s de una ejecuci\u00f3n impecable con una excelente actitud de servicio.<\/span><\/li>\r\n \t<li><span style=\"color: #000000;\"><strong>Agilidad:<\/strong> Es tomar conciencia de la sensibilidad estrat\u00e9gica de las necesidades de nuestros clientes, el compromiso de la alta direcci\u00f3n, la movilidad de los recursos y el cumplimiento de nuestros compromisos.<\/span><\/li>\r\n \t<li><span style=\"color: #000000;\"><strong>Mejora Continua:<\/strong> Optimizar y aumentar la calidad de nuestros servicios y productos de manera constante.<\/span><\/li>\r\n \t<li><span style=\"color: #000000;\"><strong>Integridad:<\/strong> Es la cualidad de ser honesto contigo mismo y con los dem\u00e1s, adem\u00e1s de vivir una vida que vaya de acuerdo a tus valores personales.<\/span><\/li>\r\n \t<li><span style=\"color: #000000;\"><strong>Empat\u00eda:<\/strong> Es la capacidad que tiene el ser humano para conectarse a otra persona y responder adecuadamente a las necesidades del otro, a compartir sus sentimientos, prioridades e ideas.<\/span><\/li>\r\n<\/ul>\r\n<\/div>\r\n<\/div>\r\n<\/div>\r\n<\/div>\r\n<\/div>\r\n[\/vc_column_text][\/vc_column_inner][vc_column_inner width=\"1\/6\"][\/vc_column_inner][\/vc_row_inner][\/vc_column][\/vc_row][vc_row full_width=\"stretch_row\" css=\".vc_custom_1484023688352{background-color: #0055b9 !important;}\"][vc_column][vc_row_inner][vc_column_inner width=\"1\/6\"][\/vc_column_inner][vc_column_inner width=\"4\/6\" css=\".vc_custom_1484697960450{padding-top: 60px !important;padding-bottom: 60px !important;}\"][vc_column_text css=\".vc_custom_1567112177055{padding-top: 30px !important;padding-bottom: 30px !important;}\"]\r\n<div class=\"wpb_text_column wpb_content_element \">\r\n<div class=\"wpb_wrapper\">\r\n<h3><span style=\"color: #ffffff;\">POL\u00cdTICA DE CALIDAD<\/span><\/h3>\r\n<span style=\"color: #ffffff;\">En CTQ la calidad es llevada a la pr\u00e1ctica por personal altamente competente, comprometido con la mejora continua a trav\u00e9s de creatividad y la innovaci\u00f3n como reto en los procesos, trabajando en equipo para hacer eficiente y efectivo el Sistema de Gesti\u00f3n del Negocio, busque exceder las expectativas de nuestras partes interesadas y el cumplimiento de los requisitos aplicables.<\/span>\r\n\r\n<\/div>\r\n<\/div>\r\n[\/vc_column_text][\/vc_column_inner][vc_column_inner width=\"1\/6\"][\/vc_column_inner][\/vc_row_inner][\/vc_column][\/vc_row]","_et_gb_content_width":"","footnotes":""},"class_list":["post-69","page","type-page","status-publish","has-post-thumbnail","hentry"],"yoast_head":"<!-- This site is optimized with the Yoast SEO plugin v27.4 - https:\/\/yoast.com\/product\/yoast-seo-wordpress\/ -->\n<title>Valores TRAC Worldwide | Compromiso con la Excelencia<\/title>\n<meta name=\"description\" content=\"Conoce los valores de TRAC Worldwide: pasi\u00f3n por el servicio, agilidad, mejora continua, integridad y empat\u00eda en todo nuestro trabajo.\" \/>\n<meta name=\"robots\" content=\"index, follow, max-snippet:-1, max-image-preview:large, max-video-preview:-1\" \/>\n<link rel=\"canonical\" href=\"https:\/\/www.tracww.com\/es\/valores-trac-worldwide\/\" \/>\n<meta property=\"og:locale\" content=\"es_ES\" \/>\n<meta property=\"og:type\" content=\"article\" \/>\n<meta property=\"og:title\" content=\"Valores TRAC Worldwide | Compromiso con la Excelencia\" \/>\n<meta property=\"og:description\" content=\"Conoce los valores de TRAC Worldwide: pasi\u00f3n por el servicio, agilidad, mejora continua, integridad y empat\u00eda en todo nuestro trabajo.\" \/>\n<meta property=\"og:url\" content=\"https:\/\/www.tracww.com\/es\/valores-trac-worldwide\/\" \/>\n<meta property=\"og:site_name\" content=\"TRAC Worldwide\" \/>\n<meta property=\"article:publisher\" content=\"https:\/\/www.facebook.com\/CriticalToQuality\" \/>\n<meta property=\"article:modified_time\" content=\"2025-09-22T19:55:29+00:00\" \/>\n<meta property=\"og:image\" content=\"https:\/\/www.tracww.com\/wp-content\/uploads\/trac_logofavicon.jpg\" \/>\n\t<meta property=\"og:image:width\" content=\"512\" \/>\n\t<meta property=\"og:image:height\" content=\"512\" \/>\n\t<meta property=\"og:image:type\" content=\"image\/jpeg\" \/>\n<meta name=\"twitter:card\" content=\"summary_large_image\" \/>\n<meta name=\"twitter:label1\" content=\"Tiempo de lectura\" \/>\n\t<meta name=\"twitter:data1\" content=\"2 minutos\" \/>\n<script type=\"application\/ld+json\" class=\"yoast-schema-graph\">{\"@context\":\"https:\\\/\\\/schema.org\",\"@graph\":[{\"@type\":\"WebPage\",\"@id\":\"https:\\\/\\\/www.tracww.com\\\/es\\\/valores-trac-worldwide\\\/\",\"url\":\"https:\\\/\\\/www.tracww.com\\\/es\\\/valores-trac-worldwide\\\/\",\"name\":\"Valores TRAC Worldwide | Compromiso con la Excelencia\",\"isPartOf\":{\"@id\":\"https:\\\/\\\/www.tracww.com\\\/#website\"},\"primaryImageOfPage\":{\"@id\":\"https:\\\/\\\/www.tracww.com\\\/es\\\/valores-trac-worldwide\\\/#primaryimage\"},\"image\":{\"@id\":\"https:\\\/\\\/www.tracww.com\\\/es\\\/valores-trac-worldwide\\\/#primaryimage\"},\"thumbnailUrl\":\"https:\\\/\\\/www.tracww.com\\\/wp-content\\\/uploads\\\/trac_logofavicon.jpg\",\"datePublished\":\"2016-12-20T03:06:55+00:00\",\"dateModified\":\"2025-09-22T19:55:29+00:00\",\"description\":\"Conoce los valores de TRAC Worldwide: pasi\u00f3n por el servicio, agilidad, mejora continua, integridad y empat\u00eda en todo nuestro trabajo.\",\"breadcrumb\":{\"@id\":\"https:\\\/\\\/www.tracww.com\\\/es\\\/valores-trac-worldwide\\\/#breadcrumb\"},\"inLanguage\":\"es\",\"potentialAction\":[{\"@type\":\"ReadAction\",\"target\":[\"https:\\\/\\\/www.tracww.com\\\/es\\\/valores-trac-worldwide\\\/\"]}]},{\"@type\":\"ImageObject\",\"inLanguage\":\"es\",\"@id\":\"https:\\\/\\\/www.tracww.com\\\/es\\\/valores-trac-worldwide\\\/#primaryimage\",\"url\":\"https:\\\/\\\/www.tracww.com\\\/wp-content\\\/uploads\\\/trac_logofavicon.jpg\",\"contentUrl\":\"https:\\\/\\\/www.tracww.com\\\/wp-content\\\/uploads\\\/trac_logofavicon.jpg\",\"width\":512,\"height\":512,\"caption\":\"Mejora continua en TRAC Worldwide.\"},{\"@type\":\"BreadcrumbList\",\"@id\":\"https:\\\/\\\/www.tracww.com\\\/es\\\/valores-trac-worldwide\\\/#breadcrumb\",\"itemListElement\":[{\"@type\":\"ListItem\",\"position\":1,\"name\":\"Portada\",\"item\":\"https:\\\/\\\/www.tracww.com\\\/es\\\/\"},{\"@type\":\"ListItem\",\"position\":2,\"name\":\"TRAC\"}]},{\"@type\":\"WebSite\",\"@id\":\"https:\\\/\\\/www.tracww.com\\\/#website\",\"url\":\"https:\\\/\\\/www.tracww.com\\\/\",\"name\":\"TRAC Worldwide\",\"description\":\"Committed to excellence in the service we provide.\",\"publisher\":{\"@id\":\"https:\\\/\\\/www.tracww.com\\\/#organization\"},\"potentialAction\":[{\"@type\":\"SearchAction\",\"target\":{\"@type\":\"EntryPoint\",\"urlTemplate\":\"https:\\\/\\\/www.tracww.com\\\/?s={search_term_string}\"},\"query-input\":{\"@type\":\"PropertyValueSpecification\",\"valueRequired\":true,\"valueName\":\"search_term_string\"}}],\"inLanguage\":\"es\"},{\"@type\":\"Organization\",\"@id\":\"https:\\\/\\\/www.tracww.com\\\/#organization\",\"name\":\"CTQ - Critical To Quality\",\"url\":\"https:\\\/\\\/www.tracww.com\\\/\",\"logo\":{\"@type\":\"ImageObject\",\"inLanguage\":\"es\",\"@id\":\"https:\\\/\\\/www.tracww.com\\\/#\\\/schema\\\/logo\\\/image\\\/\",\"url\":\"\",\"contentUrl\":\"\",\"caption\":\"CTQ - Critical To Quality\"},\"image\":{\"@id\":\"https:\\\/\\\/www.tracww.com\\\/#\\\/schema\\\/logo\\\/image\\\/\"},\"sameAs\":[\"https:\\\/\\\/www.facebook.com\\\/CriticalToQuality\",\"https:\\\/\\\/www.instagram.com\\\/ctq_mx\\\/\",\"https:\\\/\\\/www.linkedin.com\\\/company\\\/ctq---critical-to-quality-s-de-rl-de-cv\",\"https:\\\/\\\/www.youtube.com\\\/user\\\/CTQTube\"]}]}<\/script>\n<!-- \/ Yoast SEO plugin. -->","yoast_head_json":{"title":"Valores TRAC Worldwide | Compromiso con la Excelencia","description":"Conoce los valores de TRAC Worldwide: pasi\u00f3n por el servicio, agilidad, mejora continua, integridad y empat\u00eda en todo nuestro trabajo.","robots":{"index":"index","follow":"follow","max-snippet":"max-snippet:-1","max-image-preview":"max-image-preview:large","max-video-preview":"max-video-preview:-1"},"canonical":"https:\/\/www.tracww.com\/es\/valores-trac-worldwide\/","og_locale":"es_ES","og_type":"article","og_title":"Valores TRAC Worldwide | Compromiso con la Excelencia","og_description":"Conoce los valores de TRAC Worldwide: pasi\u00f3n por el servicio, agilidad, mejora continua, integridad y empat\u00eda en todo nuestro trabajo.","og_url":"https:\/\/www.tracww.com\/es\/valores-trac-worldwide\/","og_site_name":"TRAC Worldwide","article_publisher":"https:\/\/www.facebook.com\/CriticalToQuality","article_modified_time":"2025-09-22T19:55:29+00:00","og_image":[{"width":512,"height":512,"url":"https:\/\/www.tracww.com\/wp-content\/uploads\/trac_logofavicon.jpg","type":"image\/jpeg"}],"twitter_card":"summary_large_image","twitter_misc":{"Tiempo de lectura":"2 minutos"},"schema":{"@context":"https:\/\/schema.org","@graph":[{"@type":"WebPage","@id":"https:\/\/www.tracww.com\/es\/valores-trac-worldwide\/","url":"https:\/\/www.tracww.com\/es\/valores-trac-worldwide\/","name":"Valores TRAC Worldwide | Compromiso con la Excelencia","isPartOf":{"@id":"https:\/\/www.tracww.com\/#website"},"primaryImageOfPage":{"@id":"https:\/\/www.tracww.com\/es\/valores-trac-worldwide\/#primaryimage"},"image":{"@id":"https:\/\/www.tracww.com\/es\/valores-trac-worldwide\/#primaryimage"},"thumbnailUrl":"https:\/\/www.tracww.com\/wp-content\/uploads\/trac_logofavicon.jpg","datePublished":"2016-12-20T03:06:55+00:00","dateModified":"2025-09-22T19:55:29+00:00","description":"Conoce los valores de TRAC Worldwide: pasi\u00f3n por el servicio, agilidad, mejora continua, integridad y empat\u00eda en todo nuestro trabajo.","breadcrumb":{"@id":"https:\/\/www.tracww.com\/es\/valores-trac-worldwide\/#breadcrumb"},"inLanguage":"es","potentialAction":[{"@type":"ReadAction","target":["https:\/\/www.tracww.com\/es\/valores-trac-worldwide\/"]}]},{"@type":"ImageObject","inLanguage":"es","@id":"https:\/\/www.tracww.com\/es\/valores-trac-worldwide\/#primaryimage","url":"https:\/\/www.tracww.com\/wp-content\/uploads\/trac_logofavicon.jpg","contentUrl":"https:\/\/www.tracww.com\/wp-content\/uploads\/trac_logofavicon.jpg","width":512,"height":512,"caption":"Mejora continua en TRAC Worldwide."},{"@type":"BreadcrumbList","@id":"https:\/\/www.tracww.com\/es\/valores-trac-worldwide\/#breadcrumb","itemListElement":[{"@type":"ListItem","position":1,"name":"Portada","item":"https:\/\/www.tracww.com\/es\/"},{"@type":"ListItem","position":2,"name":"TRAC"}]},{"@type":"WebSite","@id":"https:\/\/www.tracww.com\/#website","url":"https:\/\/www.tracww.com\/","name":"TRAC Worldwide","description":"Committed to excellence in the service we provide.","publisher":{"@id":"https:\/\/www.tracww.com\/#organization"},"potentialAction":[{"@type":"SearchAction","target":{"@type":"EntryPoint","urlTemplate":"https:\/\/www.tracww.com\/?s={search_term_string}"},"query-input":{"@type":"PropertyValueSpecification","valueRequired":true,"valueName":"search_term_string"}}],"inLanguage":"es"},{"@type":"Organization","@id":"https:\/\/www.tracww.com\/#organization","name":"CTQ - Critical To Quality","url":"https:\/\/www.tracww.com\/","logo":{"@type":"ImageObject","inLanguage":"es","@id":"https:\/\/www.tracww.com\/#\/schema\/logo\/image\/","url":"","contentUrl":"","caption":"CTQ - Critical To Quality"},"image":{"@id":"https:\/\/www.tracww.com\/#\/schema\/logo\/image\/"},"sameAs":["https:\/\/www.facebook.com\/CriticalToQuality","https:\/\/www.instagram.com\/ctq_mx\/","https:\/\/www.linkedin.com\/company\/ctq---critical-to-quality-s-de-rl-de-cv","https:\/\/www.youtube.com\/user\/CTQTube"]}]}},"_links":{"self":[{"href":"https:\/\/www.tracww.com\/es\/wp-json\/wp\/v2\/pages\/69","targetHints":{"allow":["GET"]}}],"collection":[{"href":"https:\/\/www.tracww.com\/es\/wp-json\/wp\/v2\/pages"}],"about":[{"href":"https:\/\/www.tracww.com\/es\/wp-json\/wp\/v2\/types\/page"}],"author":[{"embeddable":true,"href":"https:\/\/www.tracww.com\/es\/wp-json\/wp\/v2\/users\/1"}],"replies":[{"embeddable":true,"href":"https:\/\/www.tracww.com\/es\/wp-json\/wp\/v2\/comments?post=69"}],"version-history":[{"count":82,"href":"https:\/\/www.tracww.com\/es\/wp-json\/wp\/v2\/pages\/69\/revisions"}],"predecessor-version":[{"id":8373,"href":"https:\/\/www.tracww.com\/es\/wp-json\/wp\/v2\/pages\/69\/revisions\/8373"}],"wp:featuredmedia":[{"embeddable":true,"href":"https:\/\/www.tracww.com\/es\/wp-json\/wp\/v2\/media\/5396"}],"wp:attachment":[{"href":"https:\/\/www.tracww.com\/es\/wp-json\/wp\/v2\/media?parent=69"}],"curies":[{"name":"wp","href":"https:\/\/api.w.org\/{rel}","templated":true}]}}